{"id":17937,"date":"2017-05-02T08:44:04","date_gmt":"2017-05-02T06:44:04","guid":{"rendered":"https:\/\/www.bannerking.ch\/index.php\/agb\/"},"modified":"2017-06-29T11:10:28","modified_gmt":"2017-06-29T09:10:28","slug":"agb","status":"publish","type":"page","link":"https:\/\/www.bannerking.ch\/index.php\/agb\/","title":{"rendered":"AGB"},"content":{"rendered":"<div class=\"fusion-fullwidth fullwidth-box fusion-builder-row-1 fusion-flex-container nonhundred-percent-fullwidth non-hundred-percent-height-scrolling\" style=\"--awb-border-radius-top-left:0px;--awb-border-radius-top-right:0px;--awb-border-radius-bottom-right:0px;--awb-border-radius-bottom-left:0px;--awb-flex-wrap:wrap;\" ><div class=\"fusion-builder-row fusion-row fusion-flex-align-items-flex-start fusion-flex-content-wrap\" style=\"max-width:calc( 1170px + 0px );margin-left: calc(-0px \/ 2 );margin-right: calc(-0px \/ 2 );\"><div class=\"fusion-layout-column fusion_builder_column fusion-builder-column-0 fusion_builder_column_1_1 1_1 fusion-flex-column\" style=\"--awb-padding-top:0px;--awb-padding-right:0px;--awb-padding-bottom:0px;--awb-padding-left:0px;--awb-bg-color:rgba(239,239,239,0);--awb-bg-color-hover:rgba(239,239,239,0);--awb-bg-size:cover;--awb-width-large:100%;--awb-margin-top-large:15px;--awb-spacing-right-large:0px;--awb-margin-bottom-large:15px;--awb-spacing-left-large:0px;--awb-width-medium:100%;--awb-spacing-right-medium:0px;--awb-spacing-left-medium:0px;--awb-width-small:100%;--awb-spacing-right-small:0px;--awb-spacing-left-small:0px;\"><div class=\"fusion-column-wrapper fusion-flex-justify-content-flex-start fusion-content-layout-column\"><div class=\"fusion-title title fusion-title-1 fusion-title-text fusion-title-size-one\"><div class=\"title-sep-container title-sep-container-left fusion-no-large-visibility fusion-no-medium-visibility fusion-no-small-visibility\"><div class=\"title-sep sep-single sep-solid\" style=\"border-color:#e0dede;\"><\/div><\/div><span class=\"awb-title-spacer fusion-no-large-visibility fusion-no-medium-visibility fusion-no-small-visibility\"><\/span><h1 class=\"fusion-title-heading title-heading-left fusion-responsive-typography-calculated\" style=\"margin:0;--fontSize:32;line-height:1.2;\"><h3>Allgemeine Gesch\u00e4ftsbedingungen<\/h3><\/h1><span class=\"awb-title-spacer\"><\/span><div class=\"title-sep-container title-sep-container-right\"><div class=\"title-sep sep-single sep-solid\" style=\"border-color:#e0dede;\"><\/div><\/div><\/div><\/div><\/div><div class=\"fusion-layout-column fusion_builder_column fusion-builder-column-1 fusion_builder_column_1_1 1_1 fusion-flex-column\" style=\"--awb-padding-top:20px;--awb-padding-right:25px;--awb-padding-bottom:20px;--awb-padding-left:25px;--awb-bg-color:#efefef;--awb-bg-color-hover:#efefef;--awb-bg-size:cover;--awb-width-large:100%;--awb-margin-top-large:15px;--awb-spacing-right-large:0px;--awb-margin-bottom-large:15px;--awb-spacing-left-large:0px;--awb-width-medium:100%;--awb-spacing-right-medium:0px;--awb-spacing-left-medium:0px;--awb-width-small:100%;--awb-spacing-right-small:0px;--awb-spacing-left-small:0px;\"><div class=\"fusion-column-wrapper fusion-flex-justify-content-flex-start fusion-content-layout-column\"><div class=\"accordian fusion-accordian\" style=\"--awb-border-size:1px;--awb-icon-size:13px;--awb-content-font-size:15px;--awb-icon-alignment:left;--awb-hover-color:#f9f9f9;--awb-border-color:#cccccc;--awb-background-color:#ffffff;--awb-divider-color:#eaeaea;--awb-divider-hover-color:#eaeaea;--awb-icon-color:#ffffff;--awb-title-color:#2b2e32;--awb-content-color:#494949;--awb-icon-box-color:#333333;--awb-toggle-hover-accent-color:#427ed1;--awb-title-font-family:&quot;Museo Sans 300&quot;;--awb-title-font-weight:400;--awb-title-font-style:normal;--awb-title-font-size:15px;--awb-content-font-family:&quot;Karla&quot;;--awb-content-font-style:normal;--awb-content-font-weight:400;\"><div class=\"panel-group fusion-toggle-icon-boxed\" id=\"accordion-17937-1\"><div class=\"fusion-panel panel-default panel-590bed82076c297f6 fusion-toggle-has-divider\"><div class=\"panel-heading\"><h4 class=\"panel-title toggle\" id=\"toggle_590bed82076c297f6\"><a aria-expanded=\"false\" aria-controls=\"590bed82076c297f6\" role=\"button\" data-toggle=\"collapse\" data-parent=\"#accordion-17937-1\" data-target=\"#590bed82076c297f6\" href=\"#590bed82076c297f6\"><span class=\"fusion-toggle-icon-wrapper\" aria-hidden=\"true\"><i class=\"fa-fusion-box active-icon awb-icon-minus\" aria-hidden=\"true\"><\/i><i class=\"fa-fusion-box inactive-icon awb-icon-plus\" aria-hidden=\"true\"><\/i><\/span><span class=\"fusion-toggle-heading\">1. Gegenstand und Anwendungsbereich<\/span><\/a><\/h4><\/div><div id=\"590bed82076c297f6\" class=\"panel-collapse collapse \" aria-labelledby=\"toggle_590bed82076c297f6\"><div class=\"panel-body toggle-content fusion-clearfix\">\n<p><strong>1. Gegenstand und Anwendungsbereich<br \/>\n<\/strong>1.1<br \/>\nDie vorliegenden AGB regeln das Verh\u00e4ltnis zwischen Besteller\/Auftraggeber (nachstehend Kunde genannt) und D\u2019SIGN signfactory Limacher (nachstehend Produzent genannt). Sie sind Bestandteil jeder Bestellung, welche \u00fcber BannerKing.ch abgewickelt wird.<\/p>\n<\/div><\/div><\/div><div class=\"fusion-panel panel-default panel-76dac207fa6a8903b fusion-toggle-has-divider\"><div class=\"panel-heading\"><h4 class=\"panel-title toggle\" id=\"toggle_76dac207fa6a8903b\"><a aria-expanded=\"false\" aria-controls=\"76dac207fa6a8903b\" role=\"button\" data-toggle=\"collapse\" data-parent=\"#accordion-17937-1\" data-target=\"#76dac207fa6a8903b\" href=\"#76dac207fa6a8903b\"><span class=\"fusion-toggle-icon-wrapper\" aria-hidden=\"true\"><i class=\"fa-fusion-box active-icon awb-icon-minus\" aria-hidden=\"true\"><\/i><i class=\"fa-fusion-box inactive-icon awb-icon-plus\" aria-hidden=\"true\"><\/i><\/span><span class=\"fusion-toggle-heading\">2. Angebot<\/span><\/a><\/h4><\/div><div id=\"76dac207fa6a8903b\" class=\"panel-collapse collapse \" aria-labelledby=\"toggle_76dac207fa6a8903b\"><div class=\"panel-body toggle-content fusion-clearfix\">\n<p><strong>2. Angebot<br \/>\n<\/strong>2.1<br \/>\nAlle kommunizierten Preise sind grunds\u00e4tzlich verbindlich.<br \/>\n2.2<br \/>\nMit dem Absenden einer Bestellung macht der Kunde dem Produzenten ein Angebot zum Abschluss eines Vertrags. Bestellungen sind erst dann bindend, wenn sie vom Produzent mittels Auftragsbest\u00e4tigung best\u00e4tigt wurden. Der Produzent beh\u00e4lt sich das Recht vor, Auftr\u00e4ge ohne Angabe von Gr\u00fcnden abzulehnen.<br \/>\n2.3<br \/>\nBei Auftr\u00e4gen mit abweichender Lieferadresse gilt der Besteller als Auftraggeber<\/p>\n<\/div><\/div><\/div><div class=\"fusion-panel panel-default panel-10206196382fa4f60 fusion-toggle-has-divider\"><div class=\"panel-heading\"><h4 class=\"panel-title toggle\" id=\"toggle_10206196382fa4f60\"><a aria-expanded=\"false\" aria-controls=\"10206196382fa4f60\" role=\"button\" data-toggle=\"collapse\" data-parent=\"#accordion-17937-1\" data-target=\"#10206196382fa4f60\" href=\"#10206196382fa4f60\"><span class=\"fusion-toggle-icon-wrapper\" aria-hidden=\"true\"><i class=\"fa-fusion-box active-icon awb-icon-minus\" aria-hidden=\"true\"><\/i><i class=\"fa-fusion-box inactive-icon awb-icon-plus\" aria-hidden=\"true\"><\/i><\/span><span class=\"fusion-toggle-heading\">3. Auftragsausf\u00fchrung<\/span><\/a><\/h4><\/div><div id=\"10206196382fa4f60\" class=\"panel-collapse collapse \" aria-labelledby=\"toggle_10206196382fa4f60\"><div class=\"panel-body toggle-content fusion-clearfix\"><strong>3. Auftragsausf\u00fchrung<\/strong><br \/>\n3.1<br \/>\nAlle Auftr\u00e4ge werden &#8211; sofern nicht anders vereinbart &#8211; auf Grundlage der \u00fcbermittelten Druckdaten ausgef\u00fchrt. Diese Daten sind nach den geforderten Spezifikationen (einsehbar untenstehend in diesem Dokument direkt nach den AGB) anzulegen. Fehler und Farbabweichungen infolge falsch angelieferter Daten k\u00f6nnen nicht beanstandet werden. Der Kunde haftet vollumf\u00e4nglich f\u00fcr die Vollst\u00e4ndigkeit und Richtigkeit der von ihm angelieferten Daten.<br \/>\n3.2<br \/>\nJegliche Art von angeliefertem Datenmaterial gilt als Einweg-Verbrauchsmaterial. Diese Daten m\u00fcssen vom Produzenten nur im Rahmen der betreffenden Bestellung zur Produktion verwendet und gespeichert werden. Eine Haftung f\u00fcr Abhandenkommen oder Besch\u00e4digung dieser Daten ist daher ausgeschlossen.<\/div><\/div><\/div><div class=\"fusion-panel panel-default panel-1ba0ac52aeb8ecd1f fusion-toggle-has-divider\"><div class=\"panel-heading\"><h4 class=\"panel-title toggle\" id=\"toggle_1ba0ac52aeb8ecd1f\"><a aria-expanded=\"false\" aria-controls=\"1ba0ac52aeb8ecd1f\" role=\"button\" data-toggle=\"collapse\" data-parent=\"#accordion-17937-1\" data-target=\"#1ba0ac52aeb8ecd1f\" href=\"#1ba0ac52aeb8ecd1f\"><span class=\"fusion-toggle-icon-wrapper\" aria-hidden=\"true\"><i class=\"fa-fusion-box active-icon awb-icon-minus\" aria-hidden=\"true\"><\/i><i class=\"fa-fusion-box inactive-icon awb-icon-plus\" aria-hidden=\"true\"><\/i><\/span><span class=\"fusion-toggle-heading\">4. Schutz- und Urheberrechte<\/span><\/a><\/h4><\/div><div id=\"1ba0ac52aeb8ecd1f\" class=\"panel-collapse collapse \" aria-labelledby=\"toggle_1ba0ac52aeb8ecd1f\"><div class=\"panel-body toggle-content fusion-clearfix\"><strong>4. Schutz- und Urheberrechte<\/strong><br \/>\n4.1<br \/>\nMit seiner Auftragserteilung erkl\u00e4rt der Kunde, dass er \u00fcber uneingeschr\u00e4nkte Vervielf\u00e4ltigungs- und Reproduktionsrechte f\u00fcr die \u00fcbermittelten Unterlagen verf\u00fcgt. Der Kunde haftet in vollem Umfang alleine, wenn durch die Ausf\u00fchrung seines Auftrags Rechte Dritter verletzt werden.<\/div><\/div><\/div><div class=\"fusion-panel panel-default panel-26b9dbbf690b64fab fusion-toggle-has-divider\"><div class=\"panel-heading\"><h4 class=\"panel-title toggle\" id=\"toggle_26b9dbbf690b64fab\"><a aria-expanded=\"false\" aria-controls=\"26b9dbbf690b64fab\" role=\"button\" data-toggle=\"collapse\" data-parent=\"#accordion-17937-1\" data-target=\"#26b9dbbf690b64fab\" href=\"#26b9dbbf690b64fab\"><span class=\"fusion-toggle-icon-wrapper\" aria-hidden=\"true\"><i class=\"fa-fusion-box active-icon awb-icon-minus\" aria-hidden=\"true\"><\/i><i class=\"fa-fusion-box inactive-icon awb-icon-plus\" aria-hidden=\"true\"><\/i><\/span><span class=\"fusion-toggle-heading\">5. Gew\u00e4hrleistung, Haftung und R\u00fcckgaberecht<\/span><\/a><\/h4><\/div><div id=\"26b9dbbf690b64fab\" class=\"panel-collapse collapse \" aria-labelledby=\"toggle_26b9dbbf690b64fab\"><div class=\"panel-body toggle-content fusion-clearfix\"><strong>5. Gew\u00e4hrleistung, Haftung und R\u00fcckgaberecht<\/strong><br \/>\n5.1<br \/>\nDer Kunde hat die vertragsgem\u00e4sse Lieferung der Ware in jedem Fall umgehend nach Erhalt zu pr\u00fcfen.<br \/>\nBeanstandungen allf\u00e4lliger M\u00e4ngel sind unverz\u00fcglich, sp\u00e4testens jedoch innerhalb 4 Arbeitstagen, beim Produzenten schriftlich anzubringen.<br \/>\n5.2<br \/>\nDurch Herstellungsverfahren bedingte, geringf\u00fcgige Abweichungen, etwa bei farbigen Reproduktionen, k\u00f6nnen nicht beanstandet werden. Dasselbe gilt f\u00fcr alle technisch bedingten Unterschiede zwischen Vorlage und Endprodukt.<br \/>\n5.3<br \/>\nR\u00fccksendungen jeglicher Art m\u00fcssen mit dem Produzenten in jedem Fall abgesprochen werden. Unfrankiert zur\u00fcckgesandte Ware wird nicht angenommen.<br \/>\n5.4<br \/>\nM\u00e4ngel eines Teils der gelieferten Ware berechtigen nicht zur Beanstandung der gesamten Lieferung.<br \/>\n5.5<br \/>\nMehr- oder Minderlieferung im Umfang von maximal 5 Prozent der bestellten Menge gelten als hinnehmbar.<br \/>\n5.6<br \/>\nF\u00fcr Sch\u00e4den, die nicht unmittelbar mit dem bestellten bzw. gelieferten Gegenstand in Zusammenhang stehen, \u00fcbernimmt der Produzent keine Haftung. Von diesem Ausschluss sind insbesondere entgangener Gewinn und sonstige Verm\u00f6genssch\u00e4den des Kunden betroffen.<\/div><\/div><\/div><div class=\"fusion-panel panel-default panel-9511ffae9ad4c3041 fusion-toggle-has-divider\"><div class=\"panel-heading\"><h4 class=\"panel-title toggle\" id=\"toggle_9511ffae9ad4c3041\"><a aria-expanded=\"false\" aria-controls=\"9511ffae9ad4c3041\" role=\"button\" data-toggle=\"collapse\" data-parent=\"#accordion-17937-1\" data-target=\"#9511ffae9ad4c3041\" href=\"#9511ffae9ad4c3041\"><span class=\"fusion-toggle-icon-wrapper\" aria-hidden=\"true\"><i class=\"fa-fusion-box active-icon awb-icon-minus\" aria-hidden=\"true\"><\/i><i class=\"fa-fusion-box inactive-icon awb-icon-plus\" aria-hidden=\"true\"><\/i><\/span><span class=\"fusion-toggle-heading\">6. Lieferfrist, Abholung und Versand<\/span><\/a><\/h4><\/div><div id=\"9511ffae9ad4c3041\" class=\"panel-collapse collapse \" aria-labelledby=\"toggle_9511ffae9ad4c3041\"><div class=\"panel-body toggle-content fusion-clearfix\"><strong>6. Lieferfrist, Abholung und Versand<\/strong><br \/>\n6.1<br \/>\nDie angegebenen Lieferfristen basieren auf Erfahrungswerten. Der Produzent verpflichtet sich, alles daran zu setzen diese Fristen einzuhalten, \u00fcbernimmt jedoch keine Termingarantie. Jegliche Haftungsanspr\u00fcche in Folge versp\u00e4teter Lieferung sind ausdr\u00fccklich ausgeschlossen.<br \/>\n6.2<br \/>\nAbholungsort ist der Sitz des Produzenten.<br \/>\n6.3<br \/>\nDie Lieferung erfolgt an die vom Besteller angegebene Lieferadresse.<br \/>\n6.4<br \/>\nDie Lieferung erfolgt Versandkostenfrei<br \/>\n6.5<br \/>\nAb erfolgter Abholung oder Zustellung durch die Post oder einen Spediteur tr\u00e4gt der Kunde das Risiko f\u00fcr den Zustand der Ware.<br \/>\n6.6<br \/>\nJede Sendung, bei der eine \u00e4ussere Besch\u00e4digung vorliegt, ist vom Auftraggeber nur anzunehmen unter schriftlicher Feststellung des Schadens seitens der Post bzw. des Spediteurs. Unterbleibt dies, erl\u00f6schen alle Schadenersatzanspr\u00fcche gegen\u00fcber dem Produzenten.<\/div><\/div><\/div><div class=\"fusion-panel panel-default panel-72d139df98a5130ad fusion-toggle-has-divider\"><div class=\"panel-heading\"><h4 class=\"panel-title toggle\" id=\"toggle_72d139df98a5130ad\"><a aria-expanded=\"false\" aria-controls=\"72d139df98a5130ad\" role=\"button\" data-toggle=\"collapse\" data-parent=\"#accordion-17937-1\" data-target=\"#72d139df98a5130ad\" href=\"#72d139df98a5130ad\"><span class=\"fusion-toggle-icon-wrapper\" aria-hidden=\"true\"><i class=\"fa-fusion-box active-icon awb-icon-minus\" aria-hidden=\"true\"><\/i><i class=\"fa-fusion-box inactive-icon awb-icon-plus\" aria-hidden=\"true\"><\/i><\/span><span class=\"fusion-toggle-heading\">7. Datenschutz<\/span><\/a><\/h4><\/div><div id=\"72d139df98a5130ad\" class=\"panel-collapse collapse \" aria-labelledby=\"toggle_72d139df98a5130ad\"><div class=\"panel-body toggle-content fusion-clearfix\"><strong>7. Datenschutz<\/strong><br \/>\n7.1<br \/>\nDie Verarbeitung, Verwendung und Nutzung der \u00fcber den Produzenten erhobenen Daten richtet sich nach den Richtlinien des Schweizerischen Datenschutzgesetzes. S\u00e4mtliche Kundendaten werden ausschliesslich zu Gesch\u00e4ftszwecken innerhalb des Produzenten verwendet und nicht an Dritte weitergegeben.<\/div><\/div><\/div><div class=\"fusion-panel panel-default panel-0c1534216401f81d6 fusion-toggle-has-divider\"><div class=\"panel-heading\"><h4 class=\"panel-title toggle\" id=\"toggle_0c1534216401f81d6\"><a aria-expanded=\"false\" aria-controls=\"0c1534216401f81d6\" role=\"button\" data-toggle=\"collapse\" data-parent=\"#accordion-17937-1\" data-target=\"#0c1534216401f81d6\" href=\"#0c1534216401f81d6\"><span class=\"fusion-toggle-icon-wrapper\" aria-hidden=\"true\"><i class=\"fa-fusion-box active-icon awb-icon-minus\" aria-hidden=\"true\"><\/i><i class=\"fa-fusion-box inactive-icon awb-icon-plus\" aria-hidden=\"true\"><\/i><\/span><span class=\"fusion-toggle-heading\">8. Eigentumsvorbehalt<\/span><\/a><\/h4><\/div><div id=\"0c1534216401f81d6\" class=\"panel-collapse collapse \" aria-labelledby=\"toggle_0c1534216401f81d6\"><div class=\"panel-body toggle-content fusion-clearfix\"><strong>8. Eigentumsvorbehalt<\/strong><br \/>\n8.1<br \/>\nDer Produzent beh\u00e4lt sich das Eigentum bis zur vollst\u00e4ndigen Bezahlung der Ware vor.<\/div><\/div><\/div><div class=\"fusion-panel panel-default panel-30ef4f26b3e51f426 fusion-toggle-has-divider\"><div class=\"panel-heading\"><h4 class=\"panel-title toggle\" id=\"toggle_30ef4f26b3e51f426\"><a aria-expanded=\"false\" aria-controls=\"30ef4f26b3e51f426\" role=\"button\" data-toggle=\"collapse\" data-parent=\"#accordion-17937-1\" data-target=\"#30ef4f26b3e51f426\" href=\"#30ef4f26b3e51f426\"><span class=\"fusion-toggle-icon-wrapper\" aria-hidden=\"true\"><i class=\"fa-fusion-box active-icon awb-icon-minus\" aria-hidden=\"true\"><\/i><i class=\"fa-fusion-box inactive-icon awb-icon-plus\" aria-hidden=\"true\"><\/i><\/span><span class=\"fusion-toggle-heading\">9. Salvatorische Klausel<\/span><\/a><\/h4><\/div><div id=\"30ef4f26b3e51f426\" class=\"panel-collapse collapse \" aria-labelledby=\"toggle_30ef4f26b3e51f426\"><div class=\"panel-body toggle-content fusion-clearfix\"><strong>9. Salvatorische Klausel<\/strong><br \/>\n9.1<br \/>\nDie Unwirksamkeit einzelner Bestimmungen dieser Gesch\u00e4ftsbedingungen ber\u00fchrt die \u00fcbrigen Bestimmungen nicht.<\/div><\/div><\/div><div class=\"fusion-panel panel-default panel-fdc8502cfae5f3a7a fusion-toggle-has-divider\"><div class=\"panel-heading\"><h4 class=\"panel-title toggle\" id=\"toggle_fdc8502cfae5f3a7a\"><a aria-expanded=\"false\" aria-controls=\"fdc8502cfae5f3a7a\" role=\"button\" data-toggle=\"collapse\" data-parent=\"#accordion-17937-1\" data-target=\"#fdc8502cfae5f3a7a\" href=\"#fdc8502cfae5f3a7a\"><span class=\"fusion-toggle-icon-wrapper\" aria-hidden=\"true\"><i class=\"fa-fusion-box active-icon awb-icon-minus\" aria-hidden=\"true\"><\/i><i class=\"fa-fusion-box inactive-icon awb-icon-plus\" aria-hidden=\"true\"><\/i><\/span><span class=\"fusion-toggle-heading\">10. Erf\u00fcllungsort und Gerichtsstand<\/span><\/a><\/h4><\/div><div id=\"fdc8502cfae5f3a7a\" class=\"panel-collapse collapse \" aria-labelledby=\"toggle_fdc8502cfae5f3a7a\"><div class=\"panel-body toggle-content fusion-clearfix\"><strong>10. Erf\u00fcllungsort und Gerichtsstand<\/strong><br \/>\n10.1<br \/>\nErf\u00fcllungsort und Gerichtsstand ist Sitz des Produzenten. S\u00e4mtliche Verpflichtungen unterstehen schweizerischem Recht.<\/div><\/div><\/div><\/div><\/div><\/div><\/div><div class=\"fusion-layout-column fusion_builder_column fusion-builder-column-2 fusion_builder_column_1_1 1_1 fusion-flex-column\" style=\"--awb-padding-top:0px;--awb-padding-right:25px;--awb-padding-bottom:0px;--awb-padding-left:25px;--awb-bg-color:rgba(239,239,239,0);--awb-bg-color-hover:rgba(239,239,239,0);--awb-bg-size:cover;--awb-width-large:100%;--awb-margin-top-large:15px;--awb-spacing-right-large:0px;--awb-margin-bottom-large:15px;--awb-spacing-left-large:0px;--awb-width-medium:100%;--awb-spacing-right-medium:0px;--awb-spacing-left-medium:0px;--awb-width-small:100%;--awb-spacing-right-small:0px;--awb-spacing-left-small:0px;\"><div class=\"fusion-column-wrapper fusion-flex-justify-content-flex-start fusion-content-layout-column\"><div class=\"fusion-text fusion-text-1\"><p>Stand: Juni 2017<\/p>\n<\/div><\/div><\/div><\/div><\/div>\n","protected":false},"excerpt":{"rendered":"","protected":false},"author":1,"featured_media":0,"parent":0,"menu_order":0,"comment_status":"closed","ping_status":"closed","template":"","meta":{"footnotes":""},"class_list":["post-17937","page","type-page","status-publish","hentry"],"yoast_head":"<!-- This site is optimized with the Yoast SEO plugin v26.4 - https:\/\/yoast.com\/wordpress\/plugins\/seo\/ -->\n<title>AGB - BannerKing.ch<\/title>\n<meta name=\"robots\" content=\"index, follow, max-snippet:-1, max-image-preview:large, max-video-preview:-1\" \/>\n<link rel=\"canonical\" href=\"https:\/\/www.bannerking.ch\/index.php\/agb\/\" \/>\n<meta property=\"og:locale\" content=\"de_DE\" \/>\n<meta property=\"og:type\" content=\"article\" \/>\n<meta property=\"og:title\" content=\"AGB - BannerKing.ch\" \/>\n<meta property=\"og:url\" content=\"https:\/\/www.bannerking.ch\/index.php\/agb\/\" \/>\n<meta property=\"og:site_name\" content=\"BannerKing.ch\" \/>\n<meta property=\"article:modified_time\" content=\"2017-06-29T09:10:28+00:00\" \/>\n<meta name=\"twitter:card\" content=\"summary_large_image\" \/>\n<meta name=\"twitter:label1\" content=\"Gesch\u00e4tzte Lesezeit\" \/>\n\t<meta name=\"twitter:data1\" content=\"5\u00a0Minuten\" \/>\n<script type=\"application\/ld+json\" class=\"yoast-schema-graph\">{\"@context\":\"https:\/\/schema.org\",\"@graph\":[{\"@type\":\"WebPage\",\"@id\":\"https:\/\/www.bannerking.ch\/index.php\/agb\/\",\"url\":\"https:\/\/www.bannerking.ch\/index.php\/agb\/\",\"name\":\"AGB - BannerKing.ch\",\"isPartOf\":{\"@id\":\"https:\/\/www.bannerking.ch\/#website\"},\"datePublished\":\"2017-05-02T06:44:04+00:00\",\"dateModified\":\"2017-06-29T09:10:28+00:00\",\"breadcrumb\":{\"@id\":\"https:\/\/www.bannerking.ch\/index.php\/agb\/#breadcrumb\"},\"inLanguage\":\"de\",\"potentialAction\":[{\"@type\":\"ReadAction\",\"target\":[\"https:\/\/www.bannerking.ch\/index.php\/agb\/\"]}]},{\"@type\":\"BreadcrumbList\",\"@id\":\"https:\/\/www.bannerking.ch\/index.php\/agb\/#breadcrumb\",\"itemListElement\":[{\"@type\":\"ListItem\",\"position\":1,\"name\":\"Startseite\",\"item\":\"https:\/\/www.bannerking.ch\/\"},{\"@type\":\"ListItem\",\"position\":2,\"name\":\"AGB\"}]},{\"@type\":\"WebSite\",\"@id\":\"https:\/\/www.bannerking.ch\/#website\",\"url\":\"https:\/\/www.bannerking.ch\/\",\"name\":\"BannerKing.ch\",\"description\":\"\",\"potentialAction\":[{\"@type\":\"SearchAction\",\"target\":{\"@type\":\"EntryPoint\",\"urlTemplate\":\"https:\/\/www.bannerking.ch\/?s={search_term_string}\"},\"query-input\":{\"@type\":\"PropertyValueSpecification\",\"valueRequired\":true,\"valueName\":\"search_term_string\"}}],\"inLanguage\":\"de\"}]}<\/script>\n<!-- \/ Yoast SEO plugin. -->","yoast_head_json":{"title":"AGB - BannerKing.ch","robots":{"index":"index","follow":"follow","max-snippet":"max-snippet:-1","max-image-preview":"max-image-preview:large","max-video-preview":"max-video-preview:-1"},"canonical":"https:\/\/www.bannerking.ch\/index.php\/agb\/","og_locale":"de_DE","og_type":"article","og_title":"AGB - BannerKing.ch","og_url":"https:\/\/www.bannerking.ch\/index.php\/agb\/","og_site_name":"BannerKing.ch","article_modified_time":"2017-06-29T09:10:28+00:00","twitter_card":"summary_large_image","twitter_misc":{"Gesch\u00e4tzte Lesezeit":"5\u00a0Minuten"},"schema":{"@context":"https:\/\/schema.org","@graph":[{"@type":"WebPage","@id":"https:\/\/www.bannerking.ch\/index.php\/agb\/","url":"https:\/\/www.bannerking.ch\/index.php\/agb\/","name":"AGB - BannerKing.ch","isPartOf":{"@id":"https:\/\/www.bannerking.ch\/#website"},"datePublished":"2017-05-02T06:44:04+00:00","dateModified":"2017-06-29T09:10:28+00:00","breadcrumb":{"@id":"https:\/\/www.bannerking.ch\/index.php\/agb\/#breadcrumb"},"inLanguage":"de","potentialAction":[{"@type":"ReadAction","target":["https:\/\/www.bannerking.ch\/index.php\/agb\/"]}]},{"@type":"BreadcrumbList","@id":"https:\/\/www.bannerking.ch\/index.php\/agb\/#breadcrumb","itemListElement":[{"@type":"ListItem","position":1,"name":"Startseite","item":"https:\/\/www.bannerking.ch\/"},{"@type":"ListItem","position":2,"name":"AGB"}]},{"@type":"WebSite","@id":"https:\/\/www.bannerking.ch\/#website","url":"https:\/\/www.bannerking.ch\/","name":"BannerKing.ch","description":"","potentialAction":[{"@type":"SearchAction","target":{"@type":"EntryPoint","urlTemplate":"https:\/\/www.bannerking.ch\/?s={search_term_string}"},"query-input":{"@type":"PropertyValueSpecification","valueRequired":true,"valueName":"search_term_string"}}],"inLanguage":"de"}]}},"_links":{"self":[{"href":"https:\/\/www.bannerking.ch\/index.php\/wp-json\/wp\/v2\/pages\/17937","targetHints":{"allow":["GET"]}}],"collection":[{"href":"https:\/\/www.bannerking.ch\/index.php\/wp-json\/wp\/v2\/pages"}],"about":[{"href":"https:\/\/www.bannerking.ch\/index.php\/wp-json\/wp\/v2\/types\/page"}],"author":[{"embeddable":true,"href":"https:\/\/www.bannerking.ch\/index.php\/wp-json\/wp\/v2\/users\/1"}],"replies":[{"embeddable":true,"href":"https:\/\/www.bannerking.ch\/index.php\/wp-json\/wp\/v2\/comments?post=17937"}],"version-history":[{"count":0,"href":"https:\/\/www.bannerking.ch\/index.php\/wp-json\/wp\/v2\/pages\/17937\/revisions"}],"wp:attachment":[{"href":"https:\/\/www.bannerking.ch\/index.php\/wp-json\/wp\/v2\/media?parent=17937"}],"curies":[{"name":"wp","href":"https:\/\/api.w.org\/{rel}","templated":true}]}}