{"id":18082,"date":"2017-05-16T10:42:41","date_gmt":"2017-05-16T08:42:41","guid":{"rendered":"http:\/\/www.bannerking.ch\/?post_type=product&#038;p=18082"},"modified":"2020-04-14T16:26:37","modified_gmt":"2020-04-14T14:26:37","slug":"geruest-blache-240x100cm","status":"publish","type":"product","link":"https:\/\/www.bannerking.ch\/index.php\/produkt\/geruest-blache-240x100cm\/","title":{"rendered":"Banner Standard Ger\u00fcst <br \/>240 x 100 cm (b x h)"},"content":{"rendered":"<h4>Anwendungsbeispiel: Ger\u00fcst Blache<\/h4>\n<ul>\n<li>Passgenaues Objektformat<\/li>\n<li>Ausgezeichnetes Preis-\/Leistungsverh\u00e4ltnis<\/li>\n<li>Hochwertige, reissfeste und robuste 500g\/m2 PVC-Blache<\/li>\n<li>Wetter- und UV-best\u00e4ndig<\/li>\n<li>85% WIR Zahlung m\u00f6glich bis 15 Stk. (z.B. mittels <a href=\"https:\/\/www.wir.ch\/bank\/kmu\/zahlen\/wirpay\/\" target=\"_blank\" rel=\"noopener noreferrer\">WIRpay<\/a>)<\/li>\n<li>WIR Annahmesatz bei mehr als 15 Stk. siehe <strong><a href=\"https:\/\/www.bannerking.ch\/index.php\/zahlung\/\">hier<\/a><\/strong><\/li>\n<\/ul>\n<p>Gerne erstellen wir Ihnen auf Wunsch auch das grafische Layout und die druckfertigen Daten (CHW 120.-\/Std.)<\/p>\n<p><strong><a href=\"https:\/\/www.bannerking.ch\/index.php\/datenerstellung\/\">&gt; Infos zur Datenerstellung<br \/>\n<\/a><\/strong><strong><a href=\"https:\/\/www.bannerking.ch\/layoutdateien\/layout_bannerking_banner_240x100cm_1zu1.ai\">&gt; Illustrator-Layoutdatei 240 x 100 cm<\/a><\/strong><\/p>\n","protected":false},"excerpt":{"rendered":"<p>Format: 240 x 100 cm (b x h) &#8211; passgenau zu Feldl\u00e4nge von 2.5 m<br \/>\nMaterial: Frontlit Blache 500g\/m2, Brennklasse B1<br \/>\nDruck: UV-Druck 8-farbig 720 dpi<br \/>\nKonfektion: Rundum mit Saum und \u00d6sen, aufh\u00e4ngefertig<\/p>\n","protected":false},"featured_media":18315,"comment_status":"closed","ping_status":"closed","template":"","meta":[],"product_brand":[],"product_cat":[98],"product_tag":[147,140,159,158,138,131,134,135,133,130,132,143,136,137,156,160,161,123,141,142,162,139,129,144,145,146,148,149],"class_list":{"0":"post-18082","1":"product","2":"type-product","3":"status-publish","4":"has-post-thumbnail","6":"product_cat-banner-standard","7":"product_tag-100-wir","8":"product_tag-banner","9":"product_tag-banner-fuer-baugeruest","10":"product_tag-banner-fuer-geruest","11":"product_tag-bannerking","12":"product_tag-baubanner","13":"product_tag-baublache","14":"product_tag-baugrafik","15":"product_tag-baustellenplane","16":"product_tag-baustellenwerbung","17":"product_tag-bauwerbung","18":"product_tag-blache","19":"product_tag-fassadenplane","20":"product_tag-fassadenwerbung","21":"product_tag-frontlit","22":"product_tag-geruestbanner","23":"product_tag-geruestplane","24":"product_tag-geruestwerbung","25":"product_tag-megaposter","26":"product_tag-plane","27":"product_tag-sicherheitsplane","28":"product_tag-werbebanner","29":"product_tag-werbeblache","30":"product_tag-werbeplane","31":"product_tag-wir","32":"product_tag-wir-zahlung","33":"product_tag-wirmarket","34":"product_tag-wirpay","36":"first","37":"instock","38":"taxable","39":"shipping-taxable","40":"purchasable","41":"product-type-simple"},"yoast_head":"<!-- This site is optimized with the Yoast SEO plugin v26.4 - https:\/\/yoast.com\/wordpress\/plugins\/seo\/ -->\n<title>Ger\u00fcst Blache bedruckt - 100% WIR | BannerKing.ch<\/title>\n<meta name=\"description\" content=\"Format: 240 x 100 cm (b x h) - passgenau zu Feldl\u00e4nge von 2.5 m Material: Frontlit Blache - Ger\u00fcst Blache - 100% WIR\" \/>\n<meta name=\"robots\" content=\"index, follow, max-snippet:-1, max-image-preview:large, max-video-preview:-1\" \/>\n<link rel=\"canonical\" href=\"https:\/\/www.bannerking.ch\/index.php\/produkt\/geruest-blache-240x100cm\/\" \/>\n<meta property=\"og:locale\" content=\"de_DE\" \/>\n<meta property=\"og:type\" content=\"article\" \/>\n<meta property=\"og:title\" content=\"Ger\u00fcst Blache bedruckt - 100% WIR | BannerKing.ch\" \/>\n<meta property=\"og:description\" content=\"Format: 240 x 100 cm (b x h) - passgenau zu Feldl\u00e4nge von 2.5 m Material: Frontlit Blache - Ger\u00fcst Blache - 100% WIR\" \/>\n<meta property=\"og:url\" content=\"https:\/\/www.bannerking.ch\/index.php\/produkt\/geruest-blache-240x100cm\/\" \/>\n<meta property=\"og:site_name\" content=\"BannerKing.ch\" \/>\n<meta property=\"article:modified_time\" content=\"2020-04-14T14:26:37+00:00\" \/>\n<meta property=\"og:image\" content=\"https:\/\/www.bannerking.ch\/wp-content\/uploads\/2017\/05\/geruest_pro_s_bannerking_500px.jpg\" \/>\n\t<meta property=\"og:image:width\" content=\"500\" \/>\n\t<meta property=\"og:image:height\" content=\"295\" \/>\n\t<meta property=\"og:image:type\" content=\"image\/jpeg\" \/>\n<meta name=\"twitter:card\" content=\"summary_large_image\" \/>\n<script type=\"application\/ld+json\" class=\"yoast-schema-graph\">{\"@context\":\"https:\/\/schema.org\",\"@graph\":[{\"@type\":\"WebPage\",\"@id\":\"https:\/\/www.bannerking.ch\/index.php\/produkt\/geruest-blache-240x100cm\/\",\"url\":\"https:\/\/www.bannerking.ch\/index.php\/produkt\/geruest-blache-240x100cm\/\",\"name\":\"Ger\u00fcst Blache bedruckt - 100% WIR | BannerKing.ch\",\"isPartOf\":{\"@id\":\"https:\/\/www.bannerking.ch\/#website\"},\"primaryImageOfPage\":{\"@id\":\"https:\/\/www.bannerking.ch\/index.php\/produkt\/geruest-blache-240x100cm\/#primaryimage\"},\"image\":{\"@id\":\"https:\/\/www.bannerking.ch\/index.php\/produkt\/geruest-blache-240x100cm\/#primaryimage\"},\"thumbnailUrl\":\"https:\/\/www.bannerking.ch\/wp-content\/uploads\/2017\/05\/geruest_pro_s_bannerking_500px.jpg\",\"datePublished\":\"2017-05-16T08:42:41+00:00\",\"dateModified\":\"2020-04-14T14:26:37+00:00\",\"description\":\"Format: 240 x 100 cm (b x h) - passgenau zu Feldl\u00e4nge von 2.5 m Material: Frontlit Blache - Ger\u00fcst Blache - 100% WIR\",\"breadcrumb\":{\"@id\":\"https:\/\/www.bannerking.ch\/index.php\/produkt\/geruest-blache-240x100cm\/#breadcrumb\"},\"inLanguage\":\"de\",\"potentialAction\":[{\"@type\":\"ReadAction\",\"target\":[\"https:\/\/www.bannerking.ch\/index.php\/produkt\/geruest-blache-240x100cm\/\"]}]},{\"@type\":\"ImageObject\",\"inLanguage\":\"de\",\"@id\":\"https:\/\/www.bannerking.ch\/index.php\/produkt\/geruest-blache-240x100cm\/#primaryimage\",\"url\":\"https:\/\/www.bannerking.ch\/wp-content\/uploads\/2017\/05\/geruest_pro_s_bannerking_500px.jpg\",\"contentUrl\":\"https:\/\/www.bannerking.ch\/wp-content\/uploads\/2017\/05\/geruest_pro_s_bannerking_500px.jpg\",\"width\":500,\"height\":295,\"caption\":\"Ger\u00fcst Blache - Ger\u00fcst Plane bedruckt\"},{\"@type\":\"BreadcrumbList\",\"@id\":\"https:\/\/www.bannerking.ch\/index.php\/produkt\/geruest-blache-240x100cm\/#breadcrumb\",\"itemListElement\":[{\"@type\":\"ListItem\",\"position\":1,\"name\":\"Startseite\",\"item\":\"https:\/\/www.bannerking.ch\/\"},{\"@type\":\"ListItem\",\"position\":2,\"name\":\"Produkte\",\"item\":\"https:\/\/www.bannerking.ch\/index.php\/shop\/\"},{\"@type\":\"ListItem\",\"position\":3,\"name\":\"Banner Standard Ger\u00fcst 240 x 100 cm (b x h)\"}]},{\"@type\":\"WebSite\",\"@id\":\"https:\/\/www.bannerking.ch\/#website\",\"url\":\"https:\/\/www.bannerking.ch\/\",\"name\":\"BannerKing.ch\",\"description\":\"\",\"potentialAction\":[{\"@type\":\"SearchAction\",\"target\":{\"@type\":\"EntryPoint\",\"urlTemplate\":\"https:\/\/www.bannerking.ch\/?s={search_term_string}\"},\"query-input\":{\"@type\":\"PropertyValueSpecification\",\"valueRequired\":true,\"valueName\":\"search_term_string\"}}],\"inLanguage\":\"de\"}]}<\/script>\n<!-- \/ Yoast SEO plugin. -->","yoast_head_json":{"title":"Ger\u00fcst Blache bedruckt - 100% WIR | BannerKing.ch","description":"Format: 240 x 100 cm (b x h) - passgenau zu Feldl\u00e4nge von 2.5 m Material: Frontlit Blache - Ger\u00fcst Blache - 100% WIR","robots":{"index":"index","follow":"follow","max-snippet":"max-snippet:-1","max-image-preview":"max-image-preview:large","max-video-preview":"max-video-preview:-1"},"canonical":"https:\/\/www.bannerking.ch\/index.php\/produkt\/geruest-blache-240x100cm\/","og_locale":"de_DE","og_type":"article","og_title":"Ger\u00fcst Blache bedruckt - 100% WIR | BannerKing.ch","og_description":"Format: 240 x 100 cm (b x h) - passgenau zu Feldl\u00e4nge von 2.5 m Material: Frontlit Blache - Ger\u00fcst Blache - 100% WIR","og_url":"https:\/\/www.bannerking.ch\/index.php\/produkt\/geruest-blache-240x100cm\/","og_site_name":"BannerKing.ch","article_modified_time":"2020-04-14T14:26:37+00:00","og_image":[{"width":500,"height":295,"url":"https:\/\/www.bannerking.ch\/wp-content\/uploads\/2017\/05\/geruest_pro_s_bannerking_500px.jpg","type":"image\/jpeg"}],"twitter_card":"summary_large_image","schema":{"@context":"https:\/\/schema.org","@graph":[{"@type":"WebPage","@id":"https:\/\/www.bannerking.ch\/index.php\/produkt\/geruest-blache-240x100cm\/","url":"https:\/\/www.bannerking.ch\/index.php\/produkt\/geruest-blache-240x100cm\/","name":"Ger\u00fcst Blache bedruckt - 100% WIR | BannerKing.ch","isPartOf":{"@id":"https:\/\/www.bannerking.ch\/#website"},"primaryImageOfPage":{"@id":"https:\/\/www.bannerking.ch\/index.php\/produkt\/geruest-blache-240x100cm\/#primaryimage"},"image":{"@id":"https:\/\/www.bannerking.ch\/index.php\/produkt\/geruest-blache-240x100cm\/#primaryimage"},"thumbnailUrl":"https:\/\/www.bannerking.ch\/wp-content\/uploads\/2017\/05\/geruest_pro_s_bannerking_500px.jpg","datePublished":"2017-05-16T08:42:41+00:00","dateModified":"2020-04-14T14:26:37+00:00","description":"Format: 240 x 100 cm (b x h) - passgenau zu Feldl\u00e4nge von 2.5 m Material: Frontlit Blache - Ger\u00fcst Blache - 100% WIR","breadcrumb":{"@id":"https:\/\/www.bannerking.ch\/index.php\/produkt\/geruest-blache-240x100cm\/#breadcrumb"},"inLanguage":"de","potentialAction":[{"@type":"ReadAction","target":["https:\/\/www.bannerking.ch\/index.php\/produkt\/geruest-blache-240x100cm\/"]}]},{"@type":"ImageObject","inLanguage":"de","@id":"https:\/\/www.bannerking.ch\/index.php\/produkt\/geruest-blache-240x100cm\/#primaryimage","url":"https:\/\/www.bannerking.ch\/wp-content\/uploads\/2017\/05\/geruest_pro_s_bannerking_500px.jpg","contentUrl":"https:\/\/www.bannerking.ch\/wp-content\/uploads\/2017\/05\/geruest_pro_s_bannerking_500px.jpg","width":500,"height":295,"caption":"Ger\u00fcst Blache - Ger\u00fcst Plane bedruckt"},{"@type":"BreadcrumbList","@id":"https:\/\/www.bannerking.ch\/index.php\/produkt\/geruest-blache-240x100cm\/#breadcrumb","itemListElement":[{"@type":"ListItem","position":1,"name":"Startseite","item":"https:\/\/www.bannerking.ch\/"},{"@type":"ListItem","position":2,"name":"Produkte","item":"https:\/\/www.bannerking.ch\/index.php\/shop\/"},{"@type":"ListItem","position":3,"name":"Banner Standard Ger\u00fcst 240 x 100 cm (b x h)"}]},{"@type":"WebSite","@id":"https:\/\/www.bannerking.ch\/#website","url":"https:\/\/www.bannerking.ch\/","name":"BannerKing.ch","description":"","potentialAction":[{"@type":"SearchAction","target":{"@type":"EntryPoint","urlTemplate":"https:\/\/www.bannerking.ch\/?s={search_term_string}"},"query-input":{"@type":"PropertyValueSpecification","valueRequired":true,"valueName":"search_term_string"}}],"inLanguage":"de"}]}},"_links":{"self":[{"href":"https:\/\/www.bannerking.ch\/index.php\/wp-json\/wp\/v2\/product\/18082","targetHints":{"allow":["GET"]}}],"collection":[{"href":"https:\/\/www.bannerking.ch\/index.php\/wp-json\/wp\/v2\/product"}],"about":[{"href":"https:\/\/www.bannerking.ch\/index.php\/wp-json\/wp\/v2\/types\/product"}],"replies":[{"embeddable":true,"href":"https:\/\/www.bannerking.ch\/index.php\/wp-json\/wp\/v2\/comments?post=18082"}],"wp:featuredmedia":[{"embeddable":true,"href":"https:\/\/www.bannerking.ch\/index.php\/wp-json\/wp\/v2\/media\/18315"}],"wp:attachment":[{"href":"https:\/\/www.bannerking.ch\/index.php\/wp-json\/wp\/v2\/media?parent=18082"}],"wp:term":[{"taxonomy":"product_brand","embeddable":true,"href":"https:\/\/www.bannerking.ch\/index.php\/wp-json\/wp\/v2\/product_brand?post=18082"},{"taxonomy":"product_cat","embeddable":true,"href":"https:\/\/www.bannerking.ch\/index.php\/wp-json\/wp\/v2\/product_cat?post=18082"},{"taxonomy":"product_tag","embeddable":true,"href":"https:\/\/www.bannerking.ch\/index.php\/wp-json\/wp\/v2\/product_tag?post=18082"}],"curies":[{"name":"wp","href":"https:\/\/api.w.org\/{rel}","templated":true}]}}